{"id":13,"date":"2016-09-11T20:52:16","date_gmt":"2016-09-11T18:52:16","guid":{"rendered":"http:\/\/www.farnostrana.cz\/?page_id=13"},"modified":"2026-04-10T09:47:49","modified_gmt":"2026-04-10T07:47:49","slug":"uvod","status":"publish","type":"page","link":"https:\/\/www.farnostrana.cz\/","title":{"rendered":"\u00davod"},"content":{"rendered":"\n<p class=\"has-text-align-center\"> <strong>V\u00edtejte na ofici\u00e1ln\u00edch str\u00e1nk\u00e1ch \u0158\u00edmskokatolick\u00e9 farnosti Ran\u00e1<\/strong> <\/p>\n\n\n\n<p><strong style=\"font-size: 15px; color: #373737;\">Pravideln\u00e9 bohoslu\u017eby:<br><\/strong>Ned\u011ble &#8211; 9.30<br>P\u00e1tek &#8211; 18.00<\/p>\n\n\n\n<p><strong>Zpov\u00edd\u00e1 se<\/strong>:<br>v\u017edy p\u016fl hodiny p\u0159ede m\u0161\u00ed svatou, tj. <strong>v&nbsp;p\u00e1tek od 17:30 h a v&nbsp;ned\u011bli od 9 h<\/strong>. <br>P\u0159ed du\u0161i\u010dkami, v\u00e1nocemi a velikonocemi v&nbsp;p\u00e1tek od 15 do 18 h dle ohl\u00e1\u0161en\u00ed.<\/p>\n\n\n\n<p class=\"has-text-align-center\"><br><strong><a href=\"https:\/\/www.farnostrana.cz\/wp-content\/uploads\/2025\/08\/Prihlaska_nabozenstvi_2025-26.pdf\">P\u0159ihl\u00e1\u0161ka na n\u00e1bo\u017eenstv\u00ed 2025\/26 &#8211; PDF<\/a> \/ <a href=\"https:\/\/www.farnostrana.cz\/wp-content\/uploads\/2025\/08\/Prihlaska_nabozenstvi_2025-26.docx\">DOCX<\/a><\/strong><br><a href=\"https:\/\/www.farnostrana.cz\/?p=2521\"><strong>\u00damysly modliteb ve farnosti Ran\u00e1 2026<\/strong><\/a><strong><br><\/strong><a href=\"https:\/\/www.farnostrana.cz\/?p=2530\"><strong>Slu\u017eby na \u00faklid kostela 2026<\/strong><\/a><strong><br><\/strong><\/p>\n\n\n\n<p><\/p>\n","protected":false},"excerpt":{"rendered":"<p>V\u00edtejte na ofici\u00e1ln\u00edch str\u00e1nk\u00e1ch \u0158\u00edmskokatolick\u00e9 farnosti Ran\u00e1 Pravideln\u00e9 bohoslu\u017eby:Ned\u011ble &#8211; 9.30P\u00e1tek &#8211; 18.00 Zpov\u00edd\u00e1 se:v\u017edy p\u016fl hodiny p\u0159ede m\u0161\u00ed svatou, tj. v&nbsp;p\u00e1tek od 17:30 h a v&nbsp;ned\u011bli od 9 h. P\u0159ed du\u0161i\u010dkami, v\u00e1nocemi a velikonocemi v&nbsp;p\u00e1tek od 15 do 18 <a class=\"more-link\" href=\"https:\/\/www.farnostrana.cz\/\">Cel\u00fd \u010dl\u00e1nek  <span class=\"screen-reader-text\">  \u00davod<\/span><span class=\"meta-nav\">&rarr;<\/span><\/a><\/p>\n","protected":false},"author":1,"featured_media":0,"parent":0,"menu_order":10,"comment_status":"closed","ping_status":"closed","template":"","meta":{"_monsterinsights_skip_tracking":false,"_monsterinsights_sitenote_active":false,"_monsterinsights_sitenote_note":"","_monsterinsights_sitenote_category":0,"footnotes":""},"class_list":["post-13","page","type-page","status-publish","hentry"],"_links":{"self":[{"href":"https:\/\/www.farnostrana.cz\/index.php?rest_route=\/wp\/v2\/pages\/13","targetHints":{"allow":["GET"]}}],"collection":[{"href":"https:\/\/www.farnostrana.cz\/index.php?rest_route=\/wp\/v2\/pages"}],"about":[{"href":"https:\/\/www.farnostrana.cz\/index.php?rest_route=\/wp\/v2\/types\/page"}],"author":[{"embeddable":true,"href":"https:\/\/www.farnostrana.cz\/index.php?rest_route=\/wp\/v2\/users\/1"}],"replies":[{"embeddable":true,"href":"https:\/\/www.farnostrana.cz\/index.php?rest_route=%2Fwp%2Fv2%2Fcomments&post=13"}],"version-history":[{"count":212,"href":"https:\/\/www.farnostrana.cz\/index.php?rest_route=\/wp\/v2\/pages\/13\/revisions"}],"predecessor-version":[{"id":2578,"href":"https:\/\/www.farnostrana.cz\/index.php?rest_route=\/wp\/v2\/pages\/13\/revisions\/2578"}],"wp:attachment":[{"href":"https:\/\/www.farnostrana.cz\/index.php?rest_route=%2Fwp%2Fv2%2Fmedia&parent=13"}],"curies":[{"name":"wp","href":"https:\/\/api.w.org\/{rel}","templated":true}]}}